{"id":142,"date":"2021-03-15T13:14:46","date_gmt":"2021-03-15T13:14:46","guid":{"rendered":"http:\/\/cuevavictoria.es\/?page_id=142"},"modified":"2021-03-23T18:04:34","modified_gmt":"2021-03-23T18:04:34","slug":"fauna","status":"publish","type":"page","link":"http:\/\/cuevavictoria.es\/?page_id=142","title":{"rendered":"Fauna"},"content":{"rendered":"<p>&nbsp;<\/p>\n<p>Cueva Victoria es un yacimiento excepcional por la <strong>gran diversidad de especies<\/strong> que presenta.<\/p>\n<div class=\"page\" title=\"Page 9\">\n<div class=\"layoutArea\">\n<div class=\"column\">\n<p>Los restos f\u00f3siles tienen origen diverso. En primer lugar, algunos f\u00f3siles corresponden a animales de peque\u00f1o tama\u00f1o que entraron en la cueva o habitaban en ella, como sapos, murci\u00e9- lagos, conejos o p\u00e1jaros. Otros restos corresponden a animales que cayeron por alg\u00fan agujero o cad\u00e1veres que fueron arrastrados al interior por las aguas.\u00a0<span style=\"font-size: 1rem;\">No obstante, la mayor\u00eda de restos de animales g<\/span><span style=\"font-size: 1rem;\">randes son cad\u00e1veres que fueron transportados por las hienas al interior de la cavidad, en ocasiones desde varios kil\u00f3<\/span><span style=\"font-size: 1rem;\">metros de distancia.<\/span><\/p>\n<div class=\"page\" title=\"Page 9\">\n<div class=\"layoutArea\">\n<div class=\"column\">\n<p>El resultado es que Cueva Victoria ha preservado un registro muy completo de la fauna que viv\u00eda en los distintos ambientes de la regi\u00f3n durante el Pleistoceno inferior.<\/p>\n<p>Esta lista incluye grandes herb\u00edvoros como caballos, ciervos, gamos, b\u00f3vidos, rinocerontes o elefantes, que conviv\u00edan con carn\u00edvoros como tigres de dientes de sable, panteras, linces, hienas, osos o perros salvajes. Otros componentes eran sapos, tortugas, serpientes, puercoespines, conejos, erizos, murci\u00e9lagos y una gran diversidad de aves. La fauna m\u00e1s significativa de Cueva Victoria son los primates representados por hom\u00ednidos y babuinos.<\/p>\n<p>Los restos \u00f3seos de Cueva Victoria se caracterizan por presentar manchas de \u00f3xido de manganeso, frecuentemente dendr\u00edticas, o costras. En ocasiones el mineral impregna por completo el f\u00f3sil, d\u00e1ndole un color totalmente negro.<\/p>\n<\/div>\n<\/div>\n<\/div>\n<\/div>\n<\/div>\n<\/div>\n<p><a href=\"http:\/\/www.cuevavictoria.es\/C_V_HISTORICAS\/CORREGIDO-PANEL-ANIMALES-RD.pdf\"><img loading=\"lazy\" decoding=\"async\" class=\"size-full wp-image-143 aligncenter\" src=\"http:\/\/cuevavictoria.es\/wp-content\/uploads\/2021\/03\/RD-FF-PANEL-ANIMALES-scaled.jpg\" alt=\"\" width=\"1707\" height=\"2560\" srcset=\"http:\/\/cuevavictoria.es\/wp-content\/uploads\/2021\/03\/RD-FF-PANEL-ANIMALES-scaled.jpg 1707w, http:\/\/cuevavictoria.es\/wp-content\/uploads\/2021\/03\/RD-FF-PANEL-ANIMALES-200x300.jpg 200w, http:\/\/cuevavictoria.es\/wp-content\/uploads\/2021\/03\/RD-FF-PANEL-ANIMALES-683x1024.jpg 683w, http:\/\/cuevavictoria.es\/wp-content\/uploads\/2021\/03\/RD-FF-PANEL-ANIMALES-768x1152.jpg 768w, http:\/\/cuevavictoria.es\/wp-content\/uploads\/2021\/03\/RD-FF-PANEL-ANIMALES-1024x1536.jpg 1024w, http:\/\/cuevavictoria.es\/wp-content\/uploads\/2021\/03\/RD-FF-PANEL-ANIMALES-1365x2048.jpg 1365w, http:\/\/cuevavictoria.es\/wp-content\/uploads\/2021\/03\/RD-FF-PANEL-ANIMALES-40x60.jpg 40w\" sizes=\"(max-width: 1707px) 100vw, 1707px\" \/><\/a><\/p>\n","protected":false},"excerpt":{"rendered":"<p>&nbsp; Cueva Victoria es un yacimiento excepcional por la gran diversidad de especies que presenta. Los restos f\u00f3siles tienen origen diverso. En primer lugar, algunos f\u00f3siles corresponden a animales de peque\u00f1o tama\u00f1o que entraron en la cueva o habitaban en ella, como sapos, murci\u00e9- lagos, conejos o p\u00e1jaros. Otros restos corresponden a animales que cayeron [&hellip;]<\/p>\n","protected":false},"author":1,"featured_media":0,"parent":0,"menu_order":0,"comment_status":"closed","ping_status":"closed","template":"","meta":{"_vp_format_video_url":"","_vp_image_focal_point":[],"footnotes":""},"_links":{"self":[{"href":"http:\/\/cuevavictoria.es\/index.php?rest_route=\/wp\/v2\/pages\/142"}],"collection":[{"href":"http:\/\/cuevavictoria.es\/index.php?rest_route=\/wp\/v2\/pages"}],"about":[{"href":"http:\/\/cuevavictoria.es\/index.php?rest_route=\/wp\/v2\/types\/page"}],"author":[{"embeddable":true,"href":"http:\/\/cuevavictoria.es\/index.php?rest_route=\/wp\/v2\/users\/1"}],"replies":[{"embeddable":true,"href":"http:\/\/cuevavictoria.es\/index.php?rest_route=%2Fwp%2Fv2%2Fcomments&post=142"}],"version-history":[{"count":3,"href":"http:\/\/cuevavictoria.es\/index.php?rest_route=\/wp\/v2\/pages\/142\/revisions"}],"predecessor-version":[{"id":159,"href":"http:\/\/cuevavictoria.es\/index.php?rest_route=\/wp\/v2\/pages\/142\/revisions\/159"}],"wp:attachment":[{"href":"http:\/\/cuevavictoria.es\/index.php?rest_route=%2Fwp%2Fv2%2Fmedia&parent=142"}],"curies":[{"name":"wp","href":"https:\/\/api.w.org\/{rel}","templated":true}]}}