{"id":41,"date":"2018-11-07T23:33:03","date_gmt":"2018-11-07T23:33:03","guid":{"rendered":"http:\/\/cuevavictoria.es\/?page_id=41"},"modified":"2019-05-09T09:35:17","modified_gmt":"2019-05-09T09:35:17","slug":"noticias","status":"publish","type":"page","link":"http:\/\/cuevavictoria.es\/?page_id=41","title":{"rendered":"Noticias"},"content":{"rendered":"<h1>\u00a1REGRESAN LAS HIENAS!\u00a0 EXPOSICI\u00d3N CUEVA VICTORIA<\/h1>\n<p>Se ha presentado en la Casa del Pueblo del Llano del Beal la exposici\u00f3n \u00abCueva Victoria, la Joya del Pleistoceno\u00bb durante varios meses se podr\u00e1 visitar esta exposici\u00f3n donde se recoge en paneles toda la fauna encontrada en Cueva Victoria, as\u00ed como paneles explicando las ultimas conclusiones cient\u00edficas sobre las migraciones de los hom\u00ednidos desde \u00c1frica a la Pen\u00ednsula y en la que Cueva Victoria es un yacimiento clave sobre estas investigaciones.<\/p>\n<p>Visita la exposici\u00f3n y no te olvides de probar las tapas t\u00edpicas de Cueva Victoria, lugar: Casa del Pueblo en el Llano del Beal, Cartagena<\/p>\n<p><img loading=\"lazy\" decoding=\"async\" class=\"alignnone size-medium wp-image-89\" src=\"http:\/\/cuevavictoria.es\/wp-content\/uploads\/2019\/05\/expo-2-169x300.jpg\" alt=\"\" width=\"169\" height=\"300\" srcset=\"http:\/\/cuevavictoria.es\/wp-content\/uploads\/2019\/05\/expo-2-169x300.jpg 169w, http:\/\/cuevavictoria.es\/wp-content\/uploads\/2019\/05\/expo-2-768x1365.jpg 768w, http:\/\/cuevavictoria.es\/wp-content\/uploads\/2019\/05\/expo-2-576x1024.jpg 576w, http:\/\/cuevavictoria.es\/wp-content\/uploads\/2019\/05\/expo-2.jpg 1116w\" sizes=\"(max-width: 169px) 100vw, 169px\" \/> <img loading=\"lazy\" decoding=\"async\" class=\"alignnone size-medium wp-image-90\" src=\"http:\/\/cuevavictoria.es\/wp-content\/uploads\/2019\/05\/expo-3-169x300.jpg\" alt=\"\" width=\"169\" height=\"300\" srcset=\"http:\/\/cuevavictoria.es\/wp-content\/uploads\/2019\/05\/expo-3-169x300.jpg 169w, http:\/\/cuevavictoria.es\/wp-content\/uploads\/2019\/05\/expo-3-768x1365.jpg 768w, http:\/\/cuevavictoria.es\/wp-content\/uploads\/2019\/05\/expo-3-576x1024.jpg 576w, http:\/\/cuevavictoria.es\/wp-content\/uploads\/2019\/05\/expo-3.jpg 1116w\" sizes=\"(max-width: 169px) 100vw, 169px\" \/> <img loading=\"lazy\" decoding=\"async\" class=\"alignnone size-medium wp-image-91\" src=\"http:\/\/cuevavictoria.es\/wp-content\/uploads\/2019\/05\/huella-1-169x300.jpg\" alt=\"\" width=\"169\" height=\"300\" srcset=\"http:\/\/cuevavictoria.es\/wp-content\/uploads\/2019\/05\/huella-1-169x300.jpg 169w, http:\/\/cuevavictoria.es\/wp-content\/uploads\/2019\/05\/huella-1.jpg 567w\" sizes=\"(max-width: 169px) 100vw, 169px\" \/><img loading=\"lazy\" decoding=\"async\" class=\"alignnone size-medium wp-image-92\" src=\"http:\/\/cuevavictoria.es\/wp-content\/uploads\/2019\/05\/expo-4-169x300.jpg\" alt=\"\" width=\"169\" height=\"300\" srcset=\"http:\/\/cuevavictoria.es\/wp-content\/uploads\/2019\/05\/expo-4-169x300.jpg 169w, http:\/\/cuevavictoria.es\/wp-content\/uploads\/2019\/05\/expo-4-768x1365.jpg 768w, http:\/\/cuevavictoria.es\/wp-content\/uploads\/2019\/05\/expo-4-576x1024.jpg 576w, http:\/\/cuevavictoria.es\/wp-content\/uploads\/2019\/05\/expo-4.jpg 1116w\" sizes=\"(max-width: 169px) 100vw, 169px\" \/><\/p>\n<h1>Cueva Victoria tambi\u00e9n forma parte del pueblo.<\/h1>\n<div id=\"attachment_65\" style=\"width: 1020px\" class=\"wp-caption alignnone\"><img loading=\"lazy\" decoding=\"async\" aria-describedby=\"caption-attachment-65\" class=\"wp-image-65 size-full\" src=\"http:\/\/cuevavictoria.es\/wp-content\/uploads\/2018\/11\/Captura-de-pantalla-2018-11-08-a-las-19.01.09.png\" alt=\"\" width=\"1010\" height=\"562\" srcset=\"http:\/\/cuevavictoria.es\/wp-content\/uploads\/2018\/11\/Captura-de-pantalla-2018-11-08-a-las-19.01.09.png 1010w, http:\/\/cuevavictoria.es\/wp-content\/uploads\/2018\/11\/Captura-de-pantalla-2018-11-08-a-las-19.01.09-300x167.png 300w, http:\/\/cuevavictoria.es\/wp-content\/uploads\/2018\/11\/Captura-de-pantalla-2018-11-08-a-las-19.01.09-768x427.png 768w\" sizes=\"(max-width: 1010px) 100vw, 1010px\" \/><p id=\"caption-attachment-65\" class=\"wp-caption-text\">Cueva Victoria<\/p><\/div>\n<h3>Ya puedes disfrutar del itinerario de los murales sobre la fauna de cueva Victoria. \u00a1<a href=\"https:\/\/www.google.com\/maps\/d\/u\/0\/viewer?ll=37.63447899999997%2C-0.8406231000000162&amp;z=16&amp;mid=13BJOPdQmPuADc4QUTCjnvYgGMopfEPqK\">Pincha aqu\u00ed<\/a> y conoce el recorrido!<\/h3>\n<p><img loading=\"lazy\" decoding=\"async\" class=\"alignnone wp-image-67 size-full\" src=\"http:\/\/cuevavictoria.es\/wp-content\/uploads\/2018\/11\/Captura-de-pantalla-2018-11-08-a-las-19.02.54.png\" alt=\"\" width=\"984\" height=\"968\" srcset=\"http:\/\/cuevavictoria.es\/wp-content\/uploads\/2018\/11\/Captura-de-pantalla-2018-11-08-a-las-19.02.54.png 984w, http:\/\/cuevavictoria.es\/wp-content\/uploads\/2018\/11\/Captura-de-pantalla-2018-11-08-a-las-19.02.54-300x295.png 300w, http:\/\/cuevavictoria.es\/wp-content\/uploads\/2018\/11\/Captura-de-pantalla-2018-11-08-a-las-19.02.54-768x756.png 768w\" sizes=\"(max-width: 984px) 100vw, 984px\" \/><\/p>\n","protected":false},"excerpt":{"rendered":"<p>\u00a1REGRESAN LAS HIENAS!\u00a0 EXPOSICI\u00d3N CUEVA VICTORIA Se ha presentado en la Casa del Pueblo del Llano del Beal la exposici\u00f3n \u00abCueva Victoria, la Joya del Pleistoceno\u00bb durante varios meses se podr\u00e1 visitar esta exposici\u00f3n donde se recoge en paneles toda la fauna encontrada en Cueva Victoria, as\u00ed como paneles explicando las ultimas conclusiones cient\u00edficas sobre [&hellip;]<\/p>\n","protected":false},"author":1,"featured_media":0,"parent":0,"menu_order":0,"comment_status":"closed","ping_status":"closed","template":"","meta":{"_vp_format_video_url":"","_vp_image_focal_point":[],"footnotes":""},"_links":{"self":[{"href":"http:\/\/cuevavictoria.es\/index.php?rest_route=\/wp\/v2\/pages\/41"}],"collection":[{"href":"http:\/\/cuevavictoria.es\/index.php?rest_route=\/wp\/v2\/pages"}],"about":[{"href":"http:\/\/cuevavictoria.es\/index.php?rest_route=\/wp\/v2\/types\/page"}],"author":[{"embeddable":true,"href":"http:\/\/cuevavictoria.es\/index.php?rest_route=\/wp\/v2\/users\/1"}],"replies":[{"embeddable":true,"href":"http:\/\/cuevavictoria.es\/index.php?rest_route=%2Fwp%2Fv2%2Fcomments&post=41"}],"version-history":[{"count":6,"href":"http:\/\/cuevavictoria.es\/index.php?rest_route=\/wp\/v2\/pages\/41\/revisions"}],"predecessor-version":[{"id":93,"href":"http:\/\/cuevavictoria.es\/index.php?rest_route=\/wp\/v2\/pages\/41\/revisions\/93"}],"wp:attachment":[{"href":"http:\/\/cuevavictoria.es\/index.php?rest_route=%2Fwp%2Fv2%2Fmedia&parent=41"}],"curies":[{"name":"wp","href":"https:\/\/api.w.org\/{rel}","templated":true}]}}