{"id":45,"date":"2018-11-07T23:45:23","date_gmt":"2018-11-07T23:45:23","guid":{"rendered":"http:\/\/cuevavictoria.es\/?page_id=45"},"modified":"2021-03-23T17:35:38","modified_gmt":"2021-03-23T17:35:38","slug":"historia-2","status":"publish","type":"page","link":"http:\/\/cuevavictoria.es\/?page_id=45","title":{"rendered":"Cronolog\u00eda"},"content":{"rendered":"<p>Cueva Victoria est\u00e1 situada en el cerro de San Gin\u00e9s, dentro del<br \/>\nt\u00e9rmino municipal de Cartagena. Aunque presenta m\u00e1s de 3 kil\u00f3metros<br \/>\nde galer\u00edas, la zona con relleno fosil\u00edfero se limita a localizados<br \/>\npuntos cerca de las entradas actuales. El yacimiento forma<br \/>\nparte del patrimonio paleontol\u00f3gico de la Regi\u00f3n de Murcia y est\u00e1<br \/>\nreconocido como Geosite, lugar de inter\u00e9s geol\u00f3gico internacional.<br \/>\nSu registro f\u00f3sil es excepcional por la gran diversidad de especies<br \/>\nencontradas. Hasta el momento se han identificado m\u00e1s<br \/>\nde 90 especies de vertebrados, siendo un lugar clave para la reconstrucci\u00f3n<br \/>\nde las faunas del Pleistoceno inferior. En la lista encontramos<br \/>\ntambi\u00e9n hom\u00ednidos y adem\u00e1s Cueva Victoria es el<br \/>\n\u00fanico yacimiento en Europa con representaci\u00f3n del babuino<br \/>\nafricano Theropithecus oswaldi, lo que es relevante para entender la<br \/>\ndispersi\u00f3n de nuestros ancestros desde \u00c1frica a Europa.<br \/>\nCueva Victoria es tambi\u00e9n una antigua mina de hierro y manganeso<br \/>\nexplotada entre los a\u00f1os 1878 y 1952, lo que cubre un<br \/>\nperiodo significativo dentro de la larga historia de la miner\u00eda en<br \/>\nla sierra de Cartagena y La Uni\u00f3n. Presenta tambi\u00e9n un gran valor<br \/>\ndesde el punto de vista de la espeleolog\u00eda, no solo por la belleza y<br \/>\ngrandes dimensiones de la cavidad, tambi\u00e9n porque sus dep\u00f3sitos<br \/>\nde calcita conservan un completo registro del clima del pasado.<\/p>\n<p>La primera cita de restos \u00f3seos en Cueva Victoria la hace Arturo<br \/>\nValenzuela en una comunicaci\u00f3n presentada en el primer congreso<br \/>\nNacional de Espeleolog\u00eda celebrado en Barcelona en 1970. En<br \/>\n1978 Juan Pons y Salvador Moya publican un trabajo sobre los carn\u00edvoros<br \/>\ndel yacimiento describiendo una nueva especie, Cuon rossi,<br \/>\ndedicada al espele\u00f3logo cartagenero Andr\u00e9s Ros por su colaboraci\u00f3n<br \/>\nen los trabajos de excavaci\u00f3n. M\u00e1s tarde, en 1981, Eudald<br \/>\nCarbonell y otros publican un art\u00edculo en la revista Endins titulado<br \/>\n\u201cCueva Victoria: el lugar de ocupaci\u00f3n humana m\u00e1s<br \/>\nantiguo de la Pen\u00ednsula Ib\u00e9rica\u201d. La presencia humana que refiere<br \/>\nse basa en la descripci\u00f3n de una supuesta industria l\u00edtica y \u00f3sea.<\/p>\n<p>&nbsp;<\/p>\n","protected":false},"excerpt":{"rendered":"<p>Cueva Victoria est\u00e1 situada en el cerro de San Gin\u00e9s, dentro del t\u00e9rmino municipal de Cartagena. Aunque presenta m\u00e1s de 3 kil\u00f3metros de galer\u00edas, la zona con relleno fosil\u00edfero se limita a localizados puntos cerca de las entradas actuales. El yacimiento forma parte del patrimonio paleontol\u00f3gico de la Regi\u00f3n de Murcia y est\u00e1 reconocido como [&hellip;]<\/p>\n","protected":false},"author":1,"featured_media":0,"parent":0,"menu_order":0,"comment_status":"closed","ping_status":"closed","template":"","meta":{"_vp_format_video_url":"","_vp_image_focal_point":[],"footnotes":""},"_links":{"self":[{"href":"http:\/\/cuevavictoria.es\/index.php?rest_route=\/wp\/v2\/pages\/45"}],"collection":[{"href":"http:\/\/cuevavictoria.es\/index.php?rest_route=\/wp\/v2\/pages"}],"about":[{"href":"http:\/\/cuevavictoria.es\/index.php?rest_route=\/wp\/v2\/types\/page"}],"author":[{"embeddable":true,"href":"http:\/\/cuevavictoria.es\/index.php?rest_route=\/wp\/v2\/users\/1"}],"replies":[{"embeddable":true,"href":"http:\/\/cuevavictoria.es\/index.php?rest_route=%2Fwp%2Fv2%2Fcomments&post=45"}],"version-history":[{"count":5,"href":"http:\/\/cuevavictoria.es\/index.php?rest_route=\/wp\/v2\/pages\/45\/revisions"}],"predecessor-version":[{"id":150,"href":"http:\/\/cuevavictoria.es\/index.php?rest_route=\/wp\/v2\/pages\/45\/revisions\/150"}],"wp:attachment":[{"href":"http:\/\/cuevavictoria.es\/index.php?rest_route=%2Fwp%2Fv2%2Fmedia&parent=45"}],"curies":[{"name":"wp","href":"https:\/\/api.w.org\/{rel}","templated":true}]}}