{"id":73,"date":"2018-11-08T18:18:23","date_gmt":"2018-11-08T18:18:23","guid":{"rendered":"http:\/\/cuevavictoria.es\/?page_id=73"},"modified":"2021-03-23T18:02:00","modified_gmt":"2021-03-23T18:02:00","slug":"restos-humanos","status":"publish","type":"page","link":"http:\/\/cuevavictoria.es\/?page_id=73","title":{"rendered":"Restos humanos"},"content":{"rendered":"<p style=\"text-align: center;\">En 1984, Jos\u00e9 Gibert y Juan Pons Moya describen una falange<br \/>\nhumana reci\u00e9n descubierta en la revista Paleontologia i Evoluci\u00f3.<br \/>\nA partir de ese momento se intensifican los estudios sobre la<br \/>\nfauna y geolog\u00eda de Cueva Victoria bajo la direcci\u00f3n del profesor<br \/>\nGibert, investigador del Instituto de Paleontolog\u00eda Crusafont de<br \/>\nSabadell y uno de los principales impulsores de la paleontolog\u00eda<br \/>\nde vertebrados en nuestro pa\u00eds. El Dr. Gibert trabaj\u00f3 en el yacimiento<br \/>\ndurante m\u00e1s de treinta a\u00f1os, dirigiendo las excavaciones<br \/>\ny generando una amplia producci\u00f3n cient\u00edfica hasta su prematura<br \/>\nmuerte en octubre de 2007. Posteriormente, sus colaboradores<br \/>\nCarlos Ferr\u00e1ndez y Luis Gibert, profesores de la Universidad de<br \/>\nBarcelona, toman la direcci\u00f3n de las excavaciones y los trabajos de<br \/>\ninvestigaci\u00f3n que se han desarrollado hasta la actualidad. En<br \/>\n2015 editan una monograf\u00eda que actualiza el conocimiento geol\u00f3gico,<br \/>\npaleontol\u00f3gico, espeleol\u00f3gico y minero que se tiene de este<br \/>\nyacimiento.<br \/>\nCueva Victoria es un yacimiento considerado de referencia para el estudio de las dispersiones de la fauna y hom\u00ednidos africanos hacia Europa por el Estrecho.<\/p>\n<p><img loading=\"lazy\" decoding=\"async\" class=\"alignnone size-full wp-image-155\" src=\"http:\/\/cuevavictoria.es\/wp-content\/uploads\/2021\/03\/Gibert-etal-2015-Dispersions-scaled.jpg\" alt=\"\" width=\"2541\" height=\"2560\" srcset=\"http:\/\/cuevavictoria.es\/wp-content\/uploads\/2021\/03\/Gibert-etal-2015-Dispersions-scaled.jpg 2541w, http:\/\/cuevavictoria.es\/wp-content\/uploads\/2021\/03\/Gibert-etal-2015-Dispersions-298x300.jpg 298w, http:\/\/cuevavictoria.es\/wp-content\/uploads\/2021\/03\/Gibert-etal-2015-Dispersions-1017x1024.jpg 1017w, http:\/\/cuevavictoria.es\/wp-content\/uploads\/2021\/03\/Gibert-etal-2015-Dispersions-150x150.jpg 150w, http:\/\/cuevavictoria.es\/wp-content\/uploads\/2021\/03\/Gibert-etal-2015-Dispersions-768x774.jpg 768w, http:\/\/cuevavictoria.es\/wp-content\/uploads\/2021\/03\/Gibert-etal-2015-Dispersions-1525x1536.jpg 1525w, http:\/\/cuevavictoria.es\/wp-content\/uploads\/2021\/03\/Gibert-etal-2015-Dispersions-2033x2048.jpg 2033w, http:\/\/cuevavictoria.es\/wp-content\/uploads\/2021\/03\/Gibert-etal-2015-Dispersions-60x60.jpg 60w\" sizes=\"(max-width: 2541px) 100vw, 2541px\" \/><\/p>\n<p><a href=\"http:\/\/www.cuevavictoria.es\/BIBLIOGRAFIA%20CV\/Gibertetal-2015-ChronologyofCuevaVictoria.pdf\">Gibert etal-2015-Chronology of Cueva Victoria-Figura Dispersions<\/a><\/p>\n<p>&nbsp;<\/p>\n<p>.<\/p>\n","protected":false},"excerpt":{"rendered":"<p>En 1984, Jos\u00e9 Gibert y Juan Pons Moya describen una falange humana reci\u00e9n descubierta en la revista Paleontologia i Evoluci\u00f3. A partir de ese momento se intensifican los estudios sobre la fauna y geolog\u00eda de Cueva Victoria bajo la direcci\u00f3n del profesor Gibert, investigador del Instituto de Paleontolog\u00eda Crusafont de Sabadell y uno de los [&hellip;]<\/p>\n","protected":false},"author":1,"featured_media":0,"parent":0,"menu_order":0,"comment_status":"closed","ping_status":"closed","template":"","meta":{"_vp_format_video_url":"","_vp_image_focal_point":[],"footnotes":""},"_links":{"self":[{"href":"http:\/\/cuevavictoria.es\/index.php?rest_route=\/wp\/v2\/pages\/73"}],"collection":[{"href":"http:\/\/cuevavictoria.es\/index.php?rest_route=\/wp\/v2\/pages"}],"about":[{"href":"http:\/\/cuevavictoria.es\/index.php?rest_route=\/wp\/v2\/types\/page"}],"author":[{"embeddable":true,"href":"http:\/\/cuevavictoria.es\/index.php?rest_route=\/wp\/v2\/users\/1"}],"replies":[{"embeddable":true,"href":"http:\/\/cuevavictoria.es\/index.php?rest_route=%2Fwp%2Fv2%2Fcomments&post=73"}],"version-history":[{"count":6,"href":"http:\/\/cuevavictoria.es\/index.php?rest_route=\/wp\/v2\/pages\/73\/revisions"}],"predecessor-version":[{"id":158,"href":"http:\/\/cuevavictoria.es\/index.php?rest_route=\/wp\/v2\/pages\/73\/revisions\/158"}],"wp:attachment":[{"href":"http:\/\/cuevavictoria.es\/index.php?rest_route=%2Fwp%2Fv2%2Fmedia&parent=73"}],"curies":[{"name":"wp","href":"https:\/\/api.w.org\/{rel}","templated":true}]}}